{"id":17,"date":"2026-05-05T11:55:05","date_gmt":"2026-05-05T11:55:05","guid":{"rendered":"https:\/\/essentials.verdimedianorge.no\/?page_id=17"},"modified":"2026-05-05T12:19:37","modified_gmt":"2026-05-05T12:19:37","slug":"home","status":"publish","type":"page","link":"https:\/\/essentials.verdimedianorge.no\/","title":{"rendered":"Home"},"content":{"rendered":"\t\t<div data-elementor-type=\"wp-page\" data-elementor-id=\"17\" class=\"elementor elementor-17\" data-elementor-post-type=\"page\">\n\t\t\t\t<div class=\"elementor-element elementor-element-6802c8b1 e-flex e-con-boxed e-con e-parent\" data-id=\"6802c8b1\" data-element_type=\"container\" data-e-type=\"container\" data-settings=\"{&quot;background_background&quot;:&quot;classic&quot;}\">\n\t\t\t\t\t<div class=\"e-con-inner\">\n\t\t\t\t<div class=\"elementor-element elementor-element-4f79dec7 elementor-widget elementor-widget-heading\" data-id=\"4f79dec7\" data-element_type=\"widget\" data-e-type=\"widget\" data-widget_type=\"heading.default\">\n\t\t\t\t\t<h2 class=\"elementor-heading-title elementor-size-default\">Verdi Media<\/h2>\t\t\t\t<\/div>\n\t\t\t\t<div class=\"elementor-element elementor-element-5b6b9128 elementor-widget elementor-widget-heading\" data-id=\"5b6b9128\" data-element_type=\"widget\" data-e-type=\"widget\" data-widget_type=\"heading.default\">\n\t\t\t\t\t<h1 class=\"elementor-heading-title elementor-size-default\">Essentials<\/h1>\t\t\t\t<\/div>\n\t\t\t\t<div class=\"elementor-element elementor-element-78df4293 elementor-widget elementor-widget-text-editor\" data-id=\"78df4293\" data-element_type=\"widget\" data-e-type=\"widget\" data-widget_type=\"text-editor.default\">\n\t\t\t\t\t\t\t\t\t<p>Essentials er en alt-i-ett WordPress-plugin som samler viktige verkt\u00f8y for drift, vekst og integrasjoner p\u00e5 ett sted.Den gir deg blant annet cookie-samtykke (GDPR), SEO- og sporingsfunksjoner, cache og backup, e-post via SendGrid, WooCommerce-utvidelser og s\u00f8ml\u00f8s TripleTex-synk av ordre &#8211; slik at du kan administrere nettstedet mer effektivt med f\u00e6rre plugins og bedre kontroll.<\/p>\t\t\t\t\t\t\t\t<\/div>\n\t\t\t\t<div class=\"elementor-element elementor-element-163da9d4 elementor-align-center elementor-widget elementor-widget-button\" data-id=\"163da9d4\" data-element_type=\"widget\" data-e-type=\"widget\" data-widget_type=\"button.default\">\n\t\t\t\t\t\t\t\t\t\t<a class=\"elementor-button elementor-button-link elementor-size-lg elementor-animation-grow\" href=\"#\">\n\t\t\t\t\t\t<span class=\"elementor-button-content-wrapper\">\n\t\t\t\t\t\t<span class=\"elementor-button-icon\">\n\t\t\t\t<svg aria-hidden=\"true\" class=\"e-font-icon-svg e-fas-arrow-circle-down\" viewBox=\"0 0 512 512\" xmlns=\"http:\/\/www.w3.org\/2000\/svg\"><path d=\"M504 256c0 137-111 248-248 248S8 393 8 256 119 8 256 8s248 111 248 248zm-143.6-28.9L288 302.6V120c0-13.3-10.7-24-24-24h-16c-13.3 0-24 10.7-24 24v182.6l-72.4-75.5c-9.3-9.7-24.8-9.9-34.3-.4l-10.9 11c-9.4 9.4-9.4 24.6 0 33.9L239 404.3c9.4 9.4 24.6 9.4 33.9 0l132.7-132.7c9.4-9.4 9.4-24.6 0-33.9l-10.9-11c-9.5-9.5-25-9.3-34.3.4z\"><\/path><\/svg>\t\t\t<\/span>\n\t\t\t\t\t\t\t\t\t<span class=\"elementor-button-text\">last ned<\/span>\n\t\t\t\t\t<\/span>\n\t\t\t\t\t<\/a>\n\t\t\t\t\t\t\t\t<\/div>\n\t\t\t\t\t<\/div>\n\t\t\t\t<\/div>\n\t\t\t\t<\/div>\n\t\t","protected":false},"excerpt":{"rendered":"<p>Verdi Media Essentials Essentials er en alt-i-ett WordPress-plugin som samler viktige verkt\u00f8y for drift, vekst og integrasjoner p\u00e5 ett sted.Den gir deg blant annet cookie-samtykke (GDPR), SEO- og sporingsfunksjoner, cache og backup, e-post via SendGrid, WooCommerce-utvidelser og s\u00f8ml\u00f8s TripleTex-synk av ordre &#8211; slik at du kan administrere nettstedet mer effektivt med f\u00e6rre plugins og bedre [&hellip;]<\/p>\n","protected":false},"author":1,"featured_media":0,"parent":0,"menu_order":0,"comment_status":"closed","ping_status":"closed","template":"","meta":{"footnotes":""},"class_list":["post-17","page","type-page","status-publish","hentry"],"_links":{"self":[{"href":"https:\/\/essentials.verdimedianorge.no\/index.php?rest_route=\/wp\/v2\/pages\/17","targetHints":{"allow":["GET"]}}],"collection":[{"href":"https:\/\/essentials.verdimedianorge.no\/index.php?rest_route=\/wp\/v2\/pages"}],"about":[{"href":"https:\/\/essentials.verdimedianorge.no\/index.php?rest_route=\/wp\/v2\/types\/page"}],"author":[{"embeddable":true,"href":"https:\/\/essentials.verdimedianorge.no\/index.php?rest_route=\/wp\/v2\/users\/1"}],"replies":[{"embeddable":true,"href":"https:\/\/essentials.verdimedianorge.no\/index.php?rest_route=%2Fwp%2Fv2%2Fcomments&post=17"}],"version-history":[{"count":5,"href":"https:\/\/essentials.verdimedianorge.no\/index.php?rest_route=\/wp\/v2\/pages\/17\/revisions"}],"predecessor-version":[{"id":63,"href":"https:\/\/essentials.verdimedianorge.no\/index.php?rest_route=\/wp\/v2\/pages\/17\/revisions\/63"}],"wp:attachment":[{"href":"https:\/\/essentials.verdimedianorge.no\/index.php?rest_route=%2Fwp%2Fv2%2Fmedia&parent=17"}],"curies":[{"name":"wp","href":"https:\/\/api.w.org\/{rel}","templated":true}]}}